{"id":2101,"date":"2026-02-25T22:00:20","date_gmt":"2026-02-25T22:00:20","guid":{"rendered":"https:\/\/susicaramelo.com\/?page_id=2101"},"modified":"2026-04-14T10:11:54","modified_gmt":"2026-04-14T10:11:54","slug":"inicio","status":"publish","type":"page","link":"https:\/\/susicaramelo.com\/","title":{"rendered":"INICIO"},"content":{"rendered":"<h1>\n<p>SUSI CARAMELO<\/p>\n<\/h1>\n<hr>\n<h2>PR\u00d3XIMAS ACTUACIONES<\/h2>\n<table>\n<tbody>\n<tr>\n<td>HUELVA<\/td>\n<td>18 ABRIL<\/td>\n<td>\n<h4>GRAN TEATRO DE HUELVA<\/h4>\n<\/p>\n<\/td>\n<td>\n        <a href=\"https:\/\/cocotea.es\/appself\/detalles.html?local=1769020200568\" target=\"_blank\" rel=\"noopener\">COMPRAR ENTRADAS<\/a>\n    <\/td>\n<\/tr>\n<tr>\n<td>MURCIA<\/td>\n<td>26 ABRIL<\/td>\n<td>\n<h4>TEATRO CIRCO MURCIA<\/h4>\n<\/p>\n<\/td>\n<td>\n        <a href=\"https:\/\/teatrocircomurcia.compralaentrada.com\/eventos\/18532\/19581\/susi-caramelo-murcia-2026\" target=\"_blank\" rel=\"noopener\">COMPRAR ENTRADAS<\/a>\n    <\/td>\n<\/tr>\n<tr>\n<td>ARANJUEZ<\/td>\n<td>8 MAYO<\/td>\n<td>\n<h4>TEATRO REAL CARLOS III<\/h4>\n<\/p>\n<\/td>\n<td>\n        <a href=\"https:\/\/teatroaranjuez.es\/cartelera\/susi-caramelo\/\" target=\"_blank\" rel=\"noopener\">COMPRAR ENTRADAS<\/a>\n    <\/td>\n<\/tr>\n<tr>\n<td>VALENCIA<\/td>\n<td>30 MAYO<\/td>\n<td>\n<h4>TEATRO LA PLAZETA<\/h4>\n<\/p>\n<\/td>\n<td>\n        <a href=\"https:\/\/teatrolaplazeta.com\/evento.php?id=54033&#038;c=1\" target=\"_blank\" rel=\"noopener\">COMPRAR ENTRADAS<\/a>\n    <\/td>\n<\/tr>\n<tr>\n<td>SANTIAGO DE COMPOSTELA<\/td>\n<td>5 JUNIO<\/td>\n<td>\n<h4>TEATRO COMPOSTELA<\/h4>\n<\/p>\n<\/td>\n<td>\n        <a href=\"https:\/\/entradas.ataquilla.com\/es\/ventaentradas\/humor\/841-teatro-compostela-28antiguo-teatro-la-salle29\/x3akenrb-susi-caramelo\" target=\"_blank\" rel=\"noopener\">COMPRAR ENTRADAS<\/a>\n    <\/td>\n<\/tr>\n<tr>\n<td>TORREJ\u00d3N DE LA CALZADA<\/td>\n<td>11 JUNIO<\/td>\n<td>\n<h4>CASA DE CULTURA DE TORREJ\u00d3N DE LA CALZADA<\/h4>\n<\/p>\n<\/td>\n<td>\n        <a href=\"https:\/\/www.giglon.com\/todos?idEvent=susi-caramelo---i-festival-torrejon-de-la-calzada\" target=\"_blank\" rel=\"noopener\">COMPRAR ENTRADAS<\/a>\n    <\/td>\n<\/tr>\n<\/tbody>\n<\/table>\n<h1>\n<p>SUSI CARAMELO<\/p>\n<\/h1>\n<hr>\n<h2>PR\u00d3XIMAS ACTUACIONES<\/h2>\n<table>\n<tbody>\n<tr>\n<td>HUELVA<\/td>\n<td>18 ABRIL<\/td>\n<td>\n<h4>GRAN TEATRO DE HUELVA<\/h4>\n<\/p>\n<\/td>\n<td>\n        <a href=\"https:\/\/cocotea.es\/appself\/detalles.html?local=1769020200568\" target=\"_blank\" rel=\"noopener\">COMPRAR ENTRADAS<\/a>\n    <\/td>\n<\/tr>\n<tr>\n<td>MURCIA<\/td>\n<td>26 ABRIL<\/td>\n<td>\n<h4>TEATRO CIRCO MURCIA<\/h4>\n<\/p>\n<\/td>\n<td>\n        <a href=\"https:\/\/teatrocircomurcia.compralaentrada.com\/eventos\/18532\/19581\/susi-caramelo-murcia-2026\" target=\"_blank\" rel=\"noopener\">COMPRAR ENTRADAS<\/a>\n    <\/td>\n<\/tr>\n<tr>\n<td>ARANJUEZ<\/td>\n<td>8 MAYO<\/td>\n<td>\n<h4>TEATRO REAL CARLOS III<\/h4>\n<\/p>\n<\/td>\n<td>\n        <a href=\"https:\/\/teatroaranjuez.es\/cartelera\/susi-caramelo\/\" target=\"_blank\" rel=\"noopener\">COMPRAR ENTRADAS<\/a>\n    <\/td>\n<\/tr>\n<tr>\n<td>VALENCIA<\/td>\n<td>30 MAYO<\/td>\n<td>\n<h4>TEATRO LA PLAZETA<\/h4>\n<\/p>\n<\/td>\n<td>\n        <a href=\"https:\/\/teatrolaplazeta.com\/evento.php?id=54033&#038;c=1\" target=\"_blank\" rel=\"noopener\">COMPRAR ENTRADAS<\/a>\n    <\/td>\n<\/tr>\n<tr>\n<td>SANTIAGO DE COMPOSTELA<\/td>\n<td>5 JUNIO<\/td>\n<td>\n<h4>TEATRO COMPOSTELA<\/h4>\n<\/p>\n<\/td>\n<td>\n        <a href=\"https:\/\/entradas.ataquilla.com\/es\/ventaentradas\/humor\/841-teatro-compostela-28antiguo-teatro-la-salle29\/x3akenrb-susi-caramelo\" target=\"_blank\" rel=\"noopener\">COMPRAR ENTRADAS<\/a>\n    <\/td>\n<\/tr>\n<tr>\n<td>TORREJ\u00d3N DE LA CALZADA<\/td>\n<td>11 JUNIO<\/td>\n<td>\n<h4>CASA DE CULTURA DE TORREJ\u00d3N DE LA CALZADA<\/h4>\n<\/p>\n<\/td>\n<td>\n        <a href=\"https:\/\/www.giglon.com\/todos?idEvent=susi-caramelo---i-festival-torrejon-de-la-calzada\" target=\"_blank\" rel=\"noopener\">COMPRAR ENTRADAS<\/a>\n    <\/td>\n<\/tr>\n<\/tbody>\n<\/table>\n<div>\n<p>    <a class=\"uk-button uk-button-primary uk-margin-small\"\n   href=\"mailto:contrataciones@susicaramelo.com?subject=Contrataci\u00f3n%20Susi%20Caramelo&#038;body=Hola,%0A%0AQuiero informaci\u00f3n para contratar a Susi Caramelo.%0A%0AFecha:%0ALugar:%0APresupuesto:%0ATel\u00e9fono:%0A%0AGracias.\"><br \/>\n   contrataciones<br \/>\n<\/a>\n<\/div>\n<p><!--more--><br \/>\n<!-- {\"type\":\"layout\",\"children\":[{\"type\":\"section\",\"props\":{\"class\":\"uk-hidden@s\",\"header_transparent\":false,\"height\":\"viewport\",\"height_viewport\":30,\"image\":\"wp-content\/uploads\/2026\/02\/SUSI-ROSA.jpg\",\"image_position\":\"center-center\",\"image_size\":\"cover\",\"padding_top\":\"xsmall\",\"style\":\"\",\"title_breakpoint\":\"xl\",\"title_position\":\"top-left\",\"title_rotation\":\"left\",\"vertical_align\":\"middle\",\"width\":\"default\"},\"children\":[{\"type\":\"row\",\"children\":[{\"type\":\"column\",\"props\":{\"image_position\":\"center-center\",\"position_sticky_breakpoint\":\"m\"},\"children\":[{\"type\":\"headline\",\"props\":{\"animation\":\"none\",\"block_align\":\"center\",\"content\":\"\n\n<p>SUSI CARAMELO<\/p>\n\n\",\"image_align\":\"left\",\"image_margin\":\"xsmall\",\"maxwidth\":\"medium\",\"position\":\"relative\",\"position_bottom\":\"-30\",\"position_left\":\"-20\",\"text_align\":\"center\",\"title_element\":\"h1\",\"title_style\":\"heading-medium\"}}]}]},{\"type\":\"row\",\"children\":[{\"type\":\"column\",\"props\":{\"image_position\":\"center-center\",\"position_sticky_breakpoint\":\"m\"},\"children\":[{\"type\":\"divider\",\"props\":{\"divider_element\":\"hr\"}}]}]}],\"name\":\"HOME MOVIL\"},{\"type\":\"section\",\"props\":{\"class\":\"uk-hidden@s\",\"image_position\":\"center-center\",\"style\":\"\",\"title_breakpoint\":\"xl\",\"title_position\":\"top-left\",\"title_rotation\":\"left\",\"vertical_align\":\"middle\",\"width\":\"default\"},\"children\":[{\"type\":\"row\",\"children\":[{\"type\":\"column\",\"props\":{\"image_position\":\"center-center\",\"position_sticky_breakpoint\":\"m\"},\"children\":[{\"type\":\"headline\",\"props\":{\"block_align\":\"center\",\"content\":\"PR\u00d3XIMAS ACTUACIONES\",\"image_align\":\"left\",\"image_margin\":\"xsmall\",\"maxwidth\":\"xlarge\",\"text_align\":\"center\",\"title_decoration\":\"line\",\"title_element\":\"h2\"}}]}]},{\"type\":\"row\",\"children\":[{\"type\":\"column\",\"props\":{\"image_position\":\"center-center\",\"position_sticky_breakpoint\":\"m\"},\"children\":[{\"type\":\"table\",\"props\":{\"class\":\"uk-hidden@s\",\"image_height\":200,\"image_svg_color\":\"emphasis\",\"image_width\":200,\"link_style\":\"primary\",\"link_text\":\"COMPRAR ENTRADAS\",\"meta_color\":\"primary\",\"meta_style\":\"h4\",\"show_content\":true,\"show_image\":true,\"show_link\":true,\"show_meta\":true,\"show_title\":true,\"table_justify\":true,\"table_last_align\":\"right\",\"table_order\":\"1\",\"table_responsive\":\"responsive\",\"table_size\":\"large\",\"table_style\":\"divider\",\"table_vertical_align\":true,\"table_width_meta\":\"shrink\",\"table_width_title\":\"\",\"text_align\":\"left\",\"text_align_breakpoint\":\"m\",\"text_align_fallback\":\"center\",\"title_style\":\"h4\"},\"children\":[{\"type\":\"table_item\",\"props\":{\"content\":\"\n\n<h4>GRAN TEATRO DE HUELVA<\/h4>\n\n\\n\n\n\n\n\",\"link\":\"https:\/\/cocotea.es\/appself\/detalles.html?local=1769020200568\",\"link_text\":\"COMPRAR ENTRADAS\",\"meta\":\"18 ABRIL\",\"title\":\"HUELVA\"},\"name\":\"18 ABRIL\"},{\"type\":\"table_item\",\"props\":{\"content\":\"\n\n<h4>TEATRO CIRCO MURCIA<\/h4>\n\n\\n\n\n\n\n\",\"link\":\"https:\/\/teatrocircomurcia.compralaentrada.com\/eventos\/18532\/19581\/susi-caramelo-murcia-2026\",\"link_text\":\"COMPRAR ENTRADAS\",\"meta\":\"26 ABRIL\",\"title\":\"MURCIA\"},\"name\":\"26 ABRIL\"},{\"type\":\"table_item\",\"props\":{\"content\":\"\n\n<h4>TEATRO REAL CARLOS III<\/h4>\n\n\\n\n\n\n\n\",\"link\":\"https:\/\/teatroaranjuez.es\/cartelera\/susi-caramelo\/\",\"link_text\":\"COMPRAR ENTRADAS\",\"meta\":\"8 MAYO\",\"title\":\"ARANJUEZ\"},\"name\":\"8 MAYO\"},{\"type\":\"table_item\",\"props\":{\"content\":\"\n\n<h4>TEATRO LA PLAZETA<\/h4>\n\n\\n\n\n\n\n\",\"link\":\"https:\/\/teatrolaplazeta.com\/evento.php?id=54033&c=1\",\"link_text\":\"COMPRAR ENTRADAS\",\"meta\":\"30 MAYO\",\"title\":\"VALENCIA\"},\"name\":\"30 MAYO\"},{\"type\":\"table_item\",\"props\":{\"content\":\"\n\n<h4>TEATRO COMPOSTELA<\/h4>\n\n\\n\n\n\n\n\",\"link\":\"https:\/\/entradas.ataquilla.com\/es\/ventaentradas\/humor\/841-teatro-compostela-28antiguo-teatro-la-salle29\/x3akenrb-susi-caramelo\",\"link_text\":\"COMPRAR ENTRADAS\",\"meta\":\"5 JUNIO\",\"title\":\"SANTIAGO DE COMPOSTELA\"},\"name\":\"5 JUNIO\"},{\"type\":\"table_item\",\"props\":{\"content\":\"\n\n<h4>CASA DE CULTURA DE TORREJ\u00d3N DE LA CALZADA<\/h4>\n\n\\n\n\n\n\n\",\"link\":\"https:\/\/www.giglon.com\/todos?idEvent=susi-caramelo---i-festival-torrejon-de-la-calzada\",\"link_text\":\"COMPRAR ENTRADAS\",\"meta\":\"11 JUNIO\",\"title\":\"TORREJ\u00d3N DE LA CALZADA\"},\"name\":\"11 JUNIO\"}]}]}]}],\"name\":\"PR\u00d3XIMAS ACTUACIONES MOVIL\"},{\"type\":\"section\",\"props\":{\"class\":\"uk-visible@s \",\"header_transparent\":false,\"height\":\"viewport\",\"height_viewport\":90,\"image\":\"wp-content\/uploads\/2026\/02\/SUSI-ROSA.jpg\",\"image_position\":\"center-center\",\"image_size\":\"cover\",\"style\":\"\",\"title_breakpoint\":\"xl\",\"title_position\":\"top-left\",\"title_rotation\":\"left\",\"vertical_align\":\"middle\",\"width\":\"default\"},\"children\":[{\"type\":\"row\",\"children\":[{\"type\":\"column\",\"props\":{\"image_position\":\"center-center\",\"position_sticky_breakpoint\":\"m\"},\"children\":[{\"type\":\"headline\",\"props\":{\"animation\":\"none\",\"block_align\":\"center\",\"content\":\"\n\n<p>SUSI CARAMELO<\/p>\n\n\",\"id\":\"susi-banner\",\"image_align\":\"left\",\"image_margin\":\"xsmall\",\"maxwidth\":\"2xlarge\",\"text_align\":\"center\",\"title_element\":\"h1\",\"title_style\":\"heading-2xlarge\"}}]}]}],\"name\":\"HOME PC\"},{\"type\":\"section\",\"props\":{\"image_position\":\"center-center\",\"style\":\"\",\"title_breakpoint\":\"xl\",\"title_position\":\"top-left\",\"title_rotation\":\"left\",\"vertical_align\":\"middle\",\"width\":\"default\"},\"children\":[{\"type\":\"row\",\"children\":[{\"type\":\"column\",\"props\":{\"image_position\":\"center-center\",\"position_sticky_breakpoint\":\"m\"},\"children\":[{\"type\":\"divider\",\"props\":{\"class\":\"uk-visible@s \",\"divider_element\":\"hr\"}}]}]}]},{\"type\":\"section\",\"props\":{\"class\":\"uk-visible@s \",\"image_position\":\"center-center\",\"style\":\"\",\"title_breakpoint\":\"xl\",\"title_position\":\"top-left\",\"title_rotation\":\"left\",\"vertical_align\":\"middle\",\"width\":\"default\"},\"children\":[{\"type\":\"row\",\"children\":[{\"type\":\"column\",\"props\":{\"image_position\":\"center-center\",\"position_sticky_breakpoint\":\"m\"},\"children\":[{\"type\":\"headline\",\"props\":{\"block_align\":\"center\",\"content\":\"PR\u00d3XIMAS ACTUACIONES\",\"image_align\":\"left\",\"image_margin\":\"xsmall\",\"maxwidth\":\"xlarge\",\"text_align\":\"center\",\"title_decoration\":\"line\",\"title_element\":\"h2\"}}]}]},{\"type\":\"row\",\"children\":[{\"type\":\"column\",\"props\":{\"image_position\":\"center-center\",\"position_sticky_breakpoint\":\"m\"},\"children\":[{\"type\":\"table\",\"props\":{\"class\":\"uk-visible@s \",\"image_height\":200,\"image_svg_color\":\"emphasis\",\"image_width\":200,\"link_style\":\"primary\",\"link_text\":\"COMPRAR ENTRADAS\",\"meta_color\":\"primary\",\"meta_style\":\"h4\",\"show_content\":true,\"show_image\":true,\"show_link\":true,\"show_meta\":true,\"show_title\":true,\"table_justify\":true,\"table_last_align\":\"right\",\"table_order\":\"1\",\"table_responsive\":\"responsive\",\"table_size\":\"large\",\"table_style\":\"divider\",\"table_vertical_align\":true,\"table_width_meta\":\"shrink\",\"table_width_title\":\"\",\"text_align\":\"left\",\"text_align_breakpoint\":\"m\",\"text_align_fallback\":\"center\",\"title_style\":\"h4\"},\"children\":[{\"type\":\"table_item\",\"props\":{\"content\":\"\n\n<h4>GRAN TEATRO DE HUELVA<\/h4>\n\n\\n\n\n\n\n\",\"link\":\"https:\/\/cocotea.es\/appself\/detalles.html?local=1769020200568\",\"link_text\":\"COMPRAR ENTRADAS\",\"meta\":\"18 ABRIL\",\"title\":\"HUELVA\"},\"name\":\"18 ABRIL\"},{\"type\":\"table_item\",\"props\":{\"content\":\"\n\n<h4>TEATRO CIRCO MURCIA<\/h4>\n\n\\n\n\n\n\n\",\"link\":\"https:\/\/teatrocircomurcia.compralaentrada.com\/eventos\/18532\/19581\/susi-caramelo-murcia-2026\",\"link_text\":\"COMPRAR ENTRADAS\",\"meta\":\"26 ABRIL\",\"title\":\"MURCIA\"},\"name\":\"26 ABRIL\"},{\"type\":\"table_item\",\"props\":{\"content\":\"\n\n<h4>TEATRO REAL CARLOS III<\/h4>\n\n\\n\n\n\n\n\",\"link\":\"https:\/\/teatroaranjuez.es\/cartelera\/susi-caramelo\/\",\"link_text\":\"COMPRAR ENTRADAS\",\"meta\":\"8 MAYO\",\"title\":\"ARANJUEZ\"},\"name\":\"8 MAYO\"},{\"type\":\"table_item\",\"props\":{\"content\":\"\n\n<h4>TEATRO LA PLAZETA<\/h4>\n\n\\n\n\n\n\n\",\"link\":\"https:\/\/teatrolaplazeta.com\/evento.php?id=54033&c=1\",\"link_text\":\"COMPRAR ENTRADAS\",\"meta\":\"30 MAYO\",\"title\":\"VALENCIA\"},\"name\":\"30 MAYO\"},{\"type\":\"table_item\",\"props\":{\"content\":\"\n\n<h4>TEATRO COMPOSTELA<\/h4>\n\n\\n\n\n\n\n\",\"link\":\"https:\/\/entradas.ataquilla.com\/es\/ventaentradas\/humor\/841-teatro-compostela-28antiguo-teatro-la-salle29\/x3akenrb-susi-caramelo\",\"link_text\":\"COMPRAR ENTRADAS\",\"meta\":\"5 JUNIO\",\"title\":\"SANTIAGO DE COMPOSTELA\"},\"name\":\"5 JUNIO\"},{\"type\":\"table_item\",\"props\":{\"content\":\"\n\n<h4>CASA DE CULTURA DE TORREJ\u00d3N DE LA CALZADA<\/h4>\n\n\\n\n\n\n\n\",\"link\":\"https:\/\/www.giglon.com\/todos?idEvent=susi-caramelo---i-festival-torrejon-de-la-calzada\",\"link_text\":\"COMPRAR ENTRADAS\",\"meta\":\"11 JUNIO\",\"title\":\"TORREJ\u00d3N DE LA CALZADA\"},\"name\":\"11 JUNIO\"}]}]}]}],\"name\":\"PR\u00d3XIMAS ACTUACIONES PC\"},{\"type\":\"section\",\"props\":{\"image_position\":\"center-center\",\"style\":\"\",\"title_breakpoint\":\"xl\",\"title_position\":\"top-left\",\"title_rotation\":\"left\",\"vertical_align\":\"middle\",\"width\":\"default\"},\"children\":[{\"type\":\"row\",\"props\":{\"alignment\":\"center\",\"column_gap\":\"small\"},\"children\":[{\"type\":\"column\",\"props\":{\"image_position\":\"center-center\",\"position_sticky_breakpoint\":\"m\"},\"children\":[{\"type\":\"html\",\"props\":{\"content\":\"<a class=\\\"uk-button uk-button-primary uk-margin-small\\\"\\n   href=\\\"mailto:contrataciones@susicaramelo.com?subject=Contrataci\u00f3n%20Susi%20Caramelo&body=Hola,%0A%0AQuiero informaci\u00f3n para contratar a Susi Caramelo.%0A%0AFecha:%0ALugar:%0APresupuesto:%0ATel\u00e9fono:%0A%0AGracias.\\\">\\n   contrataciones\\n<\/a>\",\"text_align\":\"center\"}}]}]}],\"name\":\"contrataciones movil\"}],\"version\":\"5.0.16\"} --><\/p>\n","protected":false},"excerpt":{"rendered":"<p>SUSI CARAMELO PR\u00d3XIMAS ACTUACIONES HUELVA 18 ABRIL GRAN TEATRO DE HUELVA COMPRAR ENTRADAS MURCIA 26 ABRIL TEATRO CIRCO MURCIA COMPRAR ENTRADAS ARANJUEZ 8 MAYO TEATRO REAL CARLOS III COMPRAR ENTRADAS VALENCIA 30 MAYO TEATRO LA PLAZETA COMPRAR ENTRADAS SANTIAGO DE COMPOSTELA 5 JUNIO TEATRO COMPOSTELA COMPRAR ENTRADAS TORREJ\u00d3N DE LA CALZADA 11 JUNIO CASA DE [&hellip;]<\/p>\n","protected":false},"author":2,"featured_media":0,"parent":0,"menu_order":0,"comment_status":"closed","ping_status":"closed","template":"","meta":{"_acf_changed":false,"footnotes":""},"class_list":["post-2101","page","type-page","status-publish","hentry"],"acf":[],"_links":{"self":[{"href":"https:\/\/susicaramelo.com\/index.php?rest_route=\/wp\/v2\/pages\/2101","targetHints":{"allow":["GET"]}}],"collection":[{"href":"https:\/\/susicaramelo.com\/index.php?rest_route=\/wp\/v2\/pages"}],"about":[{"href":"https:\/\/susicaramelo.com\/index.php?rest_route=\/wp\/v2\/types\/page"}],"author":[{"embeddable":true,"href":"https:\/\/susicaramelo.com\/index.php?rest_route=\/wp\/v2\/users\/2"}],"replies":[{"embeddable":true,"href":"https:\/\/susicaramelo.com\/index.php?rest_route=%2Fwp%2Fv2%2Fcomments&post=2101"}],"version-history":[{"count":140,"href":"https:\/\/susicaramelo.com\/index.php?rest_route=\/wp\/v2\/pages\/2101\/revisions"}],"predecessor-version":[{"id":2274,"href":"https:\/\/susicaramelo.com\/index.php?rest_route=\/wp\/v2\/pages\/2101\/revisions\/2274"}],"wp:attachment":[{"href":"https:\/\/susicaramelo.com\/index.php?rest_route=%2Fwp%2Fv2%2Fmedia&parent=2101"}],"curies":[{"name":"wp","href":"https:\/\/api.w.org\/{rel}","templated":true}]}}